{"id":237,"date":"2022-03-01T10:14:23","date_gmt":"2022-03-01T09:14:23","guid":{"rendered":"https:\/\/fahrschule-gerl.de\/?page_id=237"},"modified":"2024-05-01T19:17:18","modified_gmt":"2024-05-01T17:17:18","slug":"unsere-fahrzeuge","status":"publish","type":"page","link":"https:\/\/fahrschule-gerl.de\/index.php\/unsere-fahrzeuge\/","title":{"rendered":"Unsere Fahrzeuge"},"content":{"rendered":"\t\t<div data-elementor-type=\"wp-page\" data-elementor-id=\"237\" class=\"elementor elementor-237\">\n\t\t\t\t\t\t<section class=\"elementor-section elementor-top-section elementor-element elementor-element-5d8c16eb elementor-section-height-min-height elementor-section-boxed elementor-section-height-default elementor-section-items-middle\" data-id=\"5d8c16eb\" data-element_type=\"section\" data-settings=\"{&quot;background_background&quot;:&quot;classic&quot;}\">\n\t\t\t\t\t\t\t<div class=\"elementor-background-overlay\"><\/div>\n\t\t\t\t\t\t\t<div class=\"elementor-container elementor-column-gap-default\">\n\t\t\t\t\t<div class=\"elementor-column elementor-col-100 elementor-top-column elementor-element elementor-element-30dfb4e4\" data-id=\"30dfb4e4\" data-element_type=\"column\">\n\t\t\t<div class=\"elementor-widget-wrap elementor-element-populated\">\n\t\t\t\t\t\t<div class=\"elementor-element elementor-element-d6b5210 elementor-icon-list--layout-inline elementor-tablet-align-center elementor-align-center elementor-mobile-align-center elementor-list-item-link-full_width elementor-widget elementor-widget-icon-list\" data-id=\"d6b5210\" data-element_type=\"widget\" data-widget_type=\"icon-list.default\">\n\t\t\t\t<div class=\"elementor-widget-container\">\n\t\t\t\t\t\t\t<ul class=\"elementor-icon-list-items elementor-inline-items\">\n\t\t\t\t\t\t\t<li class=\"elementor-icon-list-item elementor-inline-item\">\n\t\t\t\t\t\t\t\t\t\t\t<a href=\"#\">\n\n\t\t\t\t\t\t\t\t\t\t\t<span class=\"elementor-icon-list-text\">Unsere Fahrzeuge<\/span>\n\t\t\t\t\t\t\t\t\t\t\t<\/a>\n\t\t\t\t\t\t\t\t\t<\/li>\n\t\t\t\t\t\t<\/ul>\n\t\t\t\t\t\t<\/div>\n\t\t\t\t<\/div>\n\t\t\t\t<div class=\"elementor-element elementor-element-c90d759 elementor-widget-divider--separator-type-pattern elementor-widget-divider--view-line elementor-widget elementor-widget-divider\" data-id=\"c90d759\" data-element_type=\"widget\" data-widget_type=\"divider.default\">\n\t\t\t\t<div class=\"elementor-widget-container\">\n\t\t\t\t\t\t\t<div class=\"elementor-divider\" style=\"--divider-pattern-url: url(&quot;data:image\/svg+xml,%3Csvg xmlns=&#039;http:\/\/www.w3.org\/2000\/svg&#039; preserveAspectRatio=&#039;none&#039; overflow=&#039;visible&#039; height=&#039;100%&#039; viewBox=&#039;0 0 20 16&#039; fill=&#039;none&#039; stroke=&#039;black&#039; stroke-width=&#039;1&#039; stroke-linecap=&#039;square&#039; stroke-miterlimit=&#039;10&#039;%3E%3Cg transform=&#039;translate(-12.000000, 0)&#039;%3E%3Cpath d=&#039;M28,0L10,18&#039;\/%3E%3Cpath d=&#039;M18,0L0,18&#039;\/%3E%3Cpath d=&#039;M48,0L30,18&#039;\/%3E%3Cpath d=&#039;M38,0L20,18&#039;\/%3E%3C\/g%3E%3C\/svg%3E&quot;);\">\n\t\t\t<span class=\"elementor-divider-separator\">\n\t\t\t\t\t\t<\/span>\n\t\t<\/div>\n\t\t\t\t\t\t<\/div>\n\t\t\t\t<\/div>\n\t\t\t\t\t<\/div>\n\t\t<\/div>\n\t\t\t\t\t<\/div>\n\t\t<\/section>\n\t\t\t\t<section class=\"elementor-section elementor-top-section elementor-element elementor-element-1bdb7433 elementor-section-boxed elementor-section-height-default elementor-section-height-default\" data-id=\"1bdb7433\" data-element_type=\"section\" data-settings=\"{&quot;background_background&quot;:&quot;classic&quot;}\">\n\t\t\t\t\t\t<div class=\"elementor-container elementor-column-gap-default\">\n\t\t\t\t\t<div class=\"elementor-column elementor-col-50 elementor-top-column elementor-element elementor-element-135c1dac\" data-id=\"135c1dac\" data-element_type=\"column\">\n\t\t\t<div class=\"elementor-widget-wrap\">\n\t\t\t\t\t\t\t<\/div>\n\t\t<\/div>\n\t\t\t\t<div class=\"elementor-column elementor-col-50 elementor-top-column elementor-element elementor-element-1ab396a\" data-id=\"1ab396a\" data-element_type=\"column\">\n\t\t\t<div class=\"elementor-widget-wrap elementor-element-populated\">\n\t\t\t\t\t\t<div class=\"elementor-element elementor-element-531f80f0 elementor-widget elementor-widget-heading\" data-id=\"531f80f0\" data-element_type=\"widget\" data-widget_type=\"heading.default\">\n\t\t\t\t<div class=\"elementor-widget-container\">\n\t\t\t\t\t<h2 class=\"elementor-heading-title elementor-size-default\">Mit unseren Fahrzeugen zum F\u00fchrerschein<\/h2>\t\t\t\t<\/div>\n\t\t\t\t<\/div>\n\t\t\t\t<div class=\"elementor-element elementor-element-130a3d5 elementor-widget-divider--separator-type-pattern elementor-widget-divider--view-line elementor-widget elementor-widget-divider\" data-id=\"130a3d5\" data-element_type=\"widget\" data-widget_type=\"divider.default\">\n\t\t\t\t<div class=\"elementor-widget-container\">\n\t\t\t\t\t\t\t<div class=\"elementor-divider\" style=\"--divider-pattern-url: url(&quot;data:image\/svg+xml,%3Csvg xmlns=&#039;http:\/\/www.w3.org\/2000\/svg&#039; preserveAspectRatio=&#039;none&#039; overflow=&#039;visible&#039; height=&#039;100%&#039; viewBox=&#039;0 0 20 16&#039; fill=&#039;none&#039; stroke=&#039;black&#039; stroke-width=&#039;1&#039; stroke-linecap=&#039;square&#039; stroke-miterlimit=&#039;10&#039;%3E%3Cg transform=&#039;translate(-12.000000, 0)&#039;%3E%3Cpath d=&#039;M28,0L10,18&#039;\/%3E%3Cpath d=&#039;M18,0L0,18&#039;\/%3E%3Cpath d=&#039;M48,0L30,18&#039;\/%3E%3Cpath d=&#039;M38,0L20,18&#039;\/%3E%3C\/g%3E%3C\/svg%3E&quot;);\">\n\t\t\t<span class=\"elementor-divider-separator\">\n\t\t\t\t\t\t<\/span>\n\t\t<\/div>\n\t\t\t\t\t\t<\/div>\n\t\t\t\t<\/div>\n\t\t\t\t<div class=\"elementor-element elementor-element-4aa730c8 elementor-widget elementor-widget-text-editor\" data-id=\"4aa730c8\" data-element_type=\"widget\" data-widget_type=\"text-editor.default\">\n\t\t\t\t<div class=\"elementor-widget-container\">\n\t\t\t\t\t\t\t\t\t<p><span class=\"xr_tl Normal_Text xr_s10\">Wir bringen Dich im BMW\u00a0 X1 erfolgreich zu Deinem F\u00fchrerschein. Nicht nur aus der <\/span> <span class=\"xr_tl Normal_Text xr_s10\">Werbung wei\u00df man, dass die Marke BMW f\u00fcr Sicherheit und Fahrspa\u00df steht \u2013 zwei Aspekte, die uns wichtig sind f\u00fcr eine professionelle <\/span> <span class=\"xr_tl Normal_Text xr_s10\">Vermittlung von Fahrpraxis.<\/span> <span class=\"xr_tl Normal_Text xr_s10\">Unsere Schulungsfahrzeuge sind Fahrzeuge der neuesten Generation. Wir schulen auf modern und sicher <\/span> <span class=\"xr_tl Normal_Text xr_s10\">ausgestatteten Fahrzeugen der Premiumklasse, sowie Zweir\u00e4dern der 50- 650 ccm Klassen.<\/span> <span class=\"xr_tl Normal_Text xr_s10\">Mit diesen Fahrzeugen startest Du in einen neuen Lebensabschnitt. <\/span><\/p>\t\t\t\t\t\t\t\t<\/div>\n\t\t\t\t<\/div>\n\t\t\t\t\t<\/div>\n\t\t<\/div>\n\t\t\t\t\t<\/div>\n\t\t<\/section>\n\t\t\t\t<section class=\"elementor-section elementor-top-section elementor-element elementor-element-686f63d6 elementor-section-boxed elementor-section-height-default elementor-section-height-default\" data-id=\"686f63d6\" data-element_type=\"section\" data-settings=\"{&quot;background_background&quot;:&quot;classic&quot;}\">\n\t\t\t\t\t\t<div class=\"elementor-container elementor-column-gap-default\">\n\t\t\t\t\t<div class=\"elementor-column elementor-col-33 elementor-top-column elementor-element elementor-element-1bfd717e\" data-id=\"1bfd717e\" data-element_type=\"column\">\n\t\t\t<div class=\"elementor-widget-wrap elementor-element-populated\">\n\t\t\t\t\t\t<div class=\"elementor-element elementor-element-599bf01a elementor-invisible elementor-widget elementor-widget-heading\" data-id=\"599bf01a\" data-element_type=\"widget\" data-settings=\"{&quot;_animation&quot;:&quot;fadeIn&quot;}\" data-widget_type=\"heading.default\">\n\t\t\t\t<div class=\"elementor-widget-container\">\n\t\t\t\t\t<h2 class=\"elementor-heading-title elementor-size-default\">Fahrschule Gerl<\/h2>\t\t\t\t<\/div>\n\t\t\t\t<\/div>\n\t\t\t\t<div class=\"elementor-element elementor-element-6dcfc764 elementor-widget-divider--view-line elementor-invisible elementor-widget elementor-widget-divider\" data-id=\"6dcfc764\" data-element_type=\"widget\" data-settings=\"{&quot;_animation&quot;:&quot;fadeIn&quot;}\" data-widget_type=\"divider.default\">\n\t\t\t\t<div class=\"elementor-widget-container\">\n\t\t\t\t\t\t\t<div class=\"elementor-divider\">\n\t\t\t<span class=\"elementor-divider-separator\">\n\t\t\t\t\t\t<\/span>\n\t\t<\/div>\n\t\t\t\t\t\t<\/div>\n\t\t\t\t<\/div>\n\t\t\t\t<div class=\"elementor-element elementor-element-50dde519 elementor-widget elementor-widget-text-editor\" data-id=\"50dde519\" data-element_type=\"widget\" data-widget_type=\"text-editor.default\">\n\t\t\t\t<div class=\"elementor-widget-container\">\n\t\t\t\t\t\t\t\t\t<p>Inhaber: Tobias Gerl<\/p><p>Dr.-Kumpfm\u00fcller-Str. 35<\/p><p>94315 Straubing<\/p><p>Tel.: <span style=\"text-decoration: underline; color: #3366ff;\"><a style=\"color: #3366ff; text-decoration: underline;\" href=\"tel:0491704415516\">0170\/4415516<\/a><\/span><\/p><p>E-Mail: <span style=\"text-decoration: underline; color: #3366ff;\"><a style=\"color: #3366ff; text-decoration: underline;\" href=\"mailto:info@fahrschule-gerl.de\">info@fahrschule-gerl.de<\/a><\/span><\/p>\t\t\t\t\t\t\t\t<\/div>\n\t\t\t\t<\/div>\n\t\t\t\t\t<\/div>\n\t\t<\/div>\n\t\t\t\t<div class=\"elementor-column elementor-col-33 elementor-top-column elementor-element elementor-element-27bdcf55\" data-id=\"27bdcf55\" data-element_type=\"column\">\n\t\t\t<div class=\"elementor-widget-wrap elementor-element-populated\">\n\t\t\t\t\t\t<div class=\"elementor-element elementor-element-607cbca2 elementor-invisible elementor-widget elementor-widget-heading\" data-id=\"607cbca2\" data-element_type=\"widget\" data-settings=\"{&quot;_animation&quot;:&quot;fadeIn&quot;}\" data-widget_type=\"heading.default\">\n\t\t\t\t<div class=\"elementor-widget-container\">\n\t\t\t\t\t<h2 class=\"elementor-heading-title elementor-size-default\">MENU<\/h2>\t\t\t\t<\/div>\n\t\t\t\t<\/div>\n\t\t\t\t<div class=\"elementor-element elementor-element-5a0ea2cf elementor-widget-divider--view-line elementor-invisible elementor-widget elementor-widget-divider\" data-id=\"5a0ea2cf\" data-element_type=\"widget\" data-settings=\"{&quot;_animation&quot;:&quot;fadeIn&quot;}\" data-widget_type=\"divider.default\">\n\t\t\t\t<div class=\"elementor-widget-container\">\n\t\t\t\t\t\t\t<div class=\"elementor-divider\">\n\t\t\t<span class=\"elementor-divider-separator\">\n\t\t\t\t\t\t<\/span>\n\t\t<\/div>\n\t\t\t\t\t\t<\/div>\n\t\t\t\t<\/div>\n\t\t\t\t<div class=\"elementor-element elementor-element-4ba84899 elementor-widget elementor-widget-text-editor\" data-id=\"4ba84899\" data-element_type=\"widget\" data-widget_type=\"text-editor.default\">\n\t\t\t\t<div class=\"elementor-widget-container\">\n\t\t\t\t\t\t\t\t\t<p><a href=\"https:\/\/fahrschule-gerl.de\/index.php\/impressum\/\"><span style=\"color: #3366ff;\">Impressum<\/span><\/a><\/p><p><a href=\"https:\/\/fahrschule-gerl.de\/index.php\/datenschutzerklaerung\/\"><span style=\"color: #3366ff;\">Datenschutzerkl\u00e4rung<\/span><\/a><\/p>\t\t\t\t\t\t\t\t<\/div>\n\t\t\t\t<\/div>\n\t\t\t\t\t<\/div>\n\t\t<\/div>\n\t\t\t\t<div class=\"elementor-column elementor-col-33 elementor-top-column elementor-element elementor-element-1595a495\" data-id=\"1595a495\" data-element_type=\"column\">\n\t\t\t<div class=\"elementor-widget-wrap elementor-element-populated\">\n\t\t\t\t\t\t<div class=\"elementor-element elementor-element-243dd89a elementor-invisible elementor-widget elementor-widget-heading\" data-id=\"243dd89a\" data-element_type=\"widget\" data-settings=\"{&quot;_animation&quot;:&quot;fadeIn&quot;}\" data-widget_type=\"heading.default\">\n\t\t\t\t<div class=\"elementor-widget-container\">\n\t\t\t\t\t<h2 class=\"elementor-heading-title elementor-size-default\">SOCIAL<\/h2>\t\t\t\t<\/div>\n\t\t\t\t<\/div>\n\t\t\t\t<div class=\"elementor-element elementor-element-712a42e6 elementor-widget-divider--view-line elementor-invisible elementor-widget elementor-widget-divider\" data-id=\"712a42e6\" data-element_type=\"widget\" data-settings=\"{&quot;_animation&quot;:&quot;fadeIn&quot;}\" data-widget_type=\"divider.default\">\n\t\t\t\t<div class=\"elementor-widget-container\">\n\t\t\t\t\t\t\t<div class=\"elementor-divider\">\n\t\t\t<span class=\"elementor-divider-separator\">\n\t\t\t\t\t\t<\/span>\n\t\t<\/div>\n\t\t\t\t\t\t<\/div>\n\t\t\t\t<\/div>\n\t\t\t\t<div class=\"elementor-element elementor-element-2e382931 e-grid-align-left e-grid-align-tablet-left elementor-shape-circle elementor-grid-0 elementor-widget elementor-widget-social-icons\" data-id=\"2e382931\" data-element_type=\"widget\" data-widget_type=\"social-icons.default\">\n\t\t\t\t<div class=\"elementor-widget-container\">\n\t\t\t\t\t\t\t<div class=\"elementor-social-icons-wrapper elementor-grid\" role=\"list\">\n\t\t\t\t\t\t\t<span class=\"elementor-grid-item\" role=\"listitem\">\n\t\t\t\t\t<a class=\"elementor-icon elementor-social-icon elementor-social-icon-instagram elementor-repeater-item-b393bc8\" target=\"_blank\">\n\t\t\t\t\t\t<span class=\"elementor-screen-only\">Instagram<\/span>\n\t\t\t\t\t\t<i aria-hidden=\"true\" class=\"fab fa-instagram\"><\/i>\t\t\t\t\t<\/a>\n\t\t\t\t<\/span>\n\t\t\t\t\t\t\t<span class=\"elementor-grid-item\" role=\"listitem\">\n\t\t\t\t\t<a class=\"elementor-icon elementor-social-icon elementor-social-icon-facebook-f elementor-repeater-item-0444518\" target=\"_blank\">\n\t\t\t\t\t\t<span class=\"elementor-screen-only\">Facebook-f<\/span>\n\t\t\t\t\t\t<i aria-hidden=\"true\" class=\"fab fa-facebook-f\"><\/i>\t\t\t\t\t<\/a>\n\t\t\t\t<\/span>\n\t\t\t\t\t\t\t<span class=\"elementor-grid-item\" role=\"listitem\">\n\t\t\t\t\t<a class=\"elementor-icon elementor-social-icon elementor-social-icon-whatsapp elementor-repeater-item-1ea64fe\" href=\"https:\/\/wa.me\/0491704415516\" target=\"_blank\">\n\t\t\t\t\t\t<span class=\"elementor-screen-only\">Whatsapp<\/span>\n\t\t\t\t\t\t<i aria-hidden=\"true\" class=\"fab fa-whatsapp\"><\/i>\t\t\t\t\t<\/a>\n\t\t\t\t<\/span>\n\t\t\t\t\t<\/div>\n\t\t\t\t\t\t<\/div>\n\t\t\t\t<\/div>\n\t\t\t\t\t<\/div>\n\t\t<\/div>\n\t\t\t\t\t<\/div>\n\t\t<\/section>\n\t\t\t\t<section class=\"elementor-section elementor-top-section elementor-element elementor-element-7529cc16 elementor-section-content-middle elementor-reverse-mobile elementor-section-boxed elementor-section-height-default elementor-section-height-default\" data-id=\"7529cc16\" data-element_type=\"section\" data-settings=\"{&quot;background_background&quot;:&quot;classic&quot;}\">\n\t\t\t\t\t\t<div class=\"elementor-container elementor-column-gap-default\">\n\t\t\t\t\t<div class=\"elementor-column elementor-col-100 elementor-top-column elementor-element elementor-element-4131e774\" data-id=\"4131e774\" data-element_type=\"column\">\n\t\t\t<div class=\"elementor-widget-wrap elementor-element-populated\">\n\t\t\t\t\t\t<div class=\"elementor-element elementor-element-1cb22202 elementor-widget elementor-widget-text-editor\" data-id=\"1cb22202\" data-element_type=\"widget\" data-widget_type=\"text-editor.default\">\n\t\t\t\t<div class=\"elementor-widget-container\">\n\t\t\t\t\t\t\t\t\t<p style=\"text-align: center;\">Copyright \u00a9 2022 Fahrschule Gerl<\/p>\t\t\t\t\t\t\t\t<\/div>\n\t\t\t\t<\/div>\n\t\t\t\t\t<\/div>\n\t\t<\/div>\n\t\t\t\t\t<\/div>\n\t\t<\/section>\n\t\t\t\t<\/div>\n\t\t","protected":false},"excerpt":{"rendered":"<p>Unsere Fahrzeuge Mit unseren Fahrzeugen zum F\u00fchrerschein Wir bringen Dich im BMW\u00a0 X1 erfolgreich zu Deinem F\u00fchrerschein. Nicht nur aus der Werbung wei\u00df man, dass die Marke BMW f\u00fcr Sicherheit und Fahrspa\u00df steht \u2013 zwei Aspekte, die uns wichtig sind f\u00fcr eine professionelle Vermittlung von Fahrpraxis. Unsere Schulungsfahrzeuge sind Fahrzeuge der neuesten Generation. Wir schulen [&hellip;]<\/p>\n","protected":false},"author":1,"featured_media":0,"parent":0,"menu_order":0,"comment_status":"closed","ping_status":"closed","template":"","meta":{"ocean_post_layout":"full-screen","ocean_both_sidebars_style":"","ocean_both_sidebars_content_width":0,"ocean_both_sidebars_sidebars_width":0,"ocean_sidebar":"0","ocean_second_sidebar":"0","ocean_disable_margins":"enable","ocean_add_body_class":"","ocean_shortcode_before_top_bar":"","ocean_shortcode_after_top_bar":"","ocean_shortcode_before_header":"","ocean_shortcode_after_header":"","ocean_has_shortcode":"","ocean_shortcode_after_title":"","ocean_shortcode_before_footer_widgets":"","ocean_shortcode_after_footer_widgets":"","ocean_shortcode_before_footer_bottom":"","ocean_shortcode_after_footer_bottom":"","ocean_display_top_bar":"off","ocean_display_header":"default","ocean_header_style":"","ocean_center_header_left_menu":"0","ocean_custom_header_template":"0","ocean_custom_logo":0,"ocean_custom_retina_logo":0,"ocean_custom_logo_max_width":0,"ocean_custom_logo_tablet_max_width":0,"ocean_custom_logo_mobile_max_width":0,"ocean_custom_logo_max_height":0,"ocean_custom_logo_tablet_max_height":0,"ocean_custom_logo_mobile_max_height":0,"ocean_header_custom_menu":"0","ocean_menu_typo_font_family":"0","ocean_menu_typo_font_subset":"","ocean_menu_typo_font_size":0,"ocean_menu_typo_font_size_tablet":0,"ocean_menu_typo_font_size_mobile":0,"ocean_menu_typo_font_size_unit":"px","ocean_menu_typo_font_weight":"","ocean_menu_typo_font_weight_tablet":"","ocean_menu_typo_font_weight_mobile":"","ocean_menu_typo_transform":"","ocean_menu_typo_transform_tablet":"","ocean_menu_typo_transform_mobile":"","ocean_menu_typo_line_height":0,"ocean_menu_typo_line_height_tablet":0,"ocean_menu_typo_line_height_mobile":0,"ocean_menu_typo_line_height_unit":"","ocean_menu_typo_spacing":0,"ocean_menu_typo_spacing_tablet":0,"ocean_menu_typo_spacing_mobile":0,"ocean_menu_typo_spacing_unit":"","ocean_menu_link_color":"","ocean_menu_link_color_hover":"","ocean_menu_link_color_active":"","ocean_menu_link_background":"","ocean_menu_link_hover_background":"","ocean_menu_link_active_background":"","ocean_menu_social_links_bg":"","ocean_menu_social_hover_links_bg":"","ocean_menu_social_links_color":"","ocean_menu_social_hover_links_color":"","ocean_disable_title":"on","ocean_disable_heading":"default","ocean_post_title":"","ocean_post_subheading":"","ocean_post_title_style":"","ocean_post_title_background_color":"","ocean_post_title_background":0,"ocean_post_title_bg_image_position":"","ocean_post_title_bg_image_attachment":"","ocean_post_title_bg_image_repeat":"","ocean_post_title_bg_image_size":"","ocean_post_title_height":0,"ocean_post_title_bg_overlay":0.5,"ocean_post_title_bg_overlay_color":"","ocean_disable_breadcrumbs":"default","ocean_breadcrumbs_color":"","ocean_breadcrumbs_separator_color":"","ocean_breadcrumbs_links_color":"","ocean_breadcrumbs_links_hover_color":"","ocean_display_footer_widgets":"off","ocean_display_footer_bottom":"off","ocean_custom_footer_template":"0","footnotes":""},"class_list":["post-237","page","type-page","status-publish","hentry","entry"],"yoast_head":"<!-- This site is optimized with the Yoast SEO plugin v26.3 - https:\/\/yoast.com\/wordpress\/plugins\/seo\/ -->\n<title>Unsere Fahrzeuge -<\/title>\n<meta name=\"robots\" content=\"index, follow, max-snippet:-1, max-image-preview:large, max-video-preview:-1\" \/>\n<link rel=\"canonical\" href=\"https:\/\/fahrschule-gerl.de\/index.php\/unsere-fahrzeuge\/\" \/>\n<meta property=\"og:locale\" content=\"de_DE\" \/>\n<meta property=\"og:type\" content=\"article\" \/>\n<meta property=\"og:title\" content=\"Unsere Fahrzeuge -\" \/>\n<meta property=\"og:description\" content=\"Unsere Fahrzeuge Mit unseren Fahrzeugen zum F\u00fchrerschein Wir bringen Dich im BMW\u00a0 X1 erfolgreich zu Deinem F\u00fchrerschein. Nicht nur aus der Werbung wei\u00df man, dass die Marke BMW f\u00fcr Sicherheit und Fahrspa\u00df steht \u2013 zwei Aspekte, die uns wichtig sind f\u00fcr eine professionelle Vermittlung von Fahrpraxis. Unsere Schulungsfahrzeuge sind Fahrzeuge der neuesten Generation. Wir schulen [&hellip;]\" \/>\n<meta property=\"og:url\" content=\"https:\/\/fahrschule-gerl.de\/index.php\/unsere-fahrzeuge\/\" \/>\n<meta property=\"article:modified_time\" content=\"2024-05-01T17:17:18+00:00\" \/>\n<meta name=\"twitter:card\" content=\"summary_large_image\" \/>\n<meta name=\"twitter:label1\" content=\"Gesch\u00e4tzte Lesezeit\" \/>\n\t<meta name=\"twitter:data1\" content=\"1\u00a0Minute\" \/>\n<script type=\"application\/ld+json\" class=\"yoast-schema-graph\">{\"@context\":\"https:\/\/schema.org\",\"@graph\":[{\"@type\":\"WebPage\",\"@id\":\"https:\/\/fahrschule-gerl.de\/index.php\/unsere-fahrzeuge\/\",\"url\":\"https:\/\/fahrschule-gerl.de\/index.php\/unsere-fahrzeuge\/\",\"name\":\"Unsere Fahrzeuge -\",\"isPartOf\":{\"@id\":\"https:\/\/fahrschule-gerl.de\/#website\"},\"datePublished\":\"2022-03-01T09:14:23+00:00\",\"dateModified\":\"2024-05-01T17:17:18+00:00\",\"breadcrumb\":{\"@id\":\"https:\/\/fahrschule-gerl.de\/index.php\/unsere-fahrzeuge\/#breadcrumb\"},\"inLanguage\":\"de\",\"potentialAction\":[{\"@type\":\"ReadAction\",\"target\":[\"https:\/\/fahrschule-gerl.de\/index.php\/unsere-fahrzeuge\/\"]}]},{\"@type\":\"BreadcrumbList\",\"@id\":\"https:\/\/fahrschule-gerl.de\/index.php\/unsere-fahrzeuge\/#breadcrumb\",\"itemListElement\":[{\"@type\":\"ListItem\",\"position\":1,\"name\":\"Startseite\",\"item\":\"https:\/\/fahrschule-gerl.de\/\"},{\"@type\":\"ListItem\",\"position\":2,\"name\":\"Unsere Fahrzeuge\"}]},{\"@type\":\"WebSite\",\"@id\":\"https:\/\/fahrschule-gerl.de\/#website\",\"url\":\"https:\/\/fahrschule-gerl.de\/\",\"name\":\"\",\"description\":\"\",\"publisher\":{\"@id\":\"https:\/\/fahrschule-gerl.de\/#organization\"},\"potentialAction\":[{\"@type\":\"SearchAction\",\"target\":{\"@type\":\"EntryPoint\",\"urlTemplate\":\"https:\/\/fahrschule-gerl.de\/?s={search_term_string}\"},\"query-input\":{\"@type\":\"PropertyValueSpecification\",\"valueRequired\":true,\"valueName\":\"search_term_string\"}}],\"inLanguage\":\"de\"},{\"@type\":\"Organization\",\"@id\":\"https:\/\/fahrschule-gerl.de\/#organization\",\"name\":\"Fahrschule Gerl\",\"url\":\"https:\/\/fahrschule-gerl.de\/\",\"logo\":{\"@type\":\"ImageObject\",\"inLanguage\":\"de\",\"@id\":\"https:\/\/fahrschule-gerl.de\/#\/schema\/logo\/image\/\",\"url\":\"https:\/\/fahrschule-gerl.de\/wp-content\/uploads\/2023\/01\/cropped-cropped-Tobis-LOGO-720p-Final.png\",\"contentUrl\":\"https:\/\/fahrschule-gerl.de\/wp-content\/uploads\/2023\/01\/cropped-cropped-Tobis-LOGO-720p-Final.png\",\"width\":502,\"height\":467,\"caption\":\"Fahrschule Gerl\"},\"image\":{\"@id\":\"https:\/\/fahrschule-gerl.de\/#\/schema\/logo\/image\/\"}}]}<\/script>\n<!-- \/ Yoast SEO plugin. -->","yoast_head_json":{"title":"Unsere Fahrzeuge -","robots":{"index":"index","follow":"follow","max-snippet":"max-snippet:-1","max-image-preview":"max-image-preview:large","max-video-preview":"max-video-preview:-1"},"canonical":"https:\/\/fahrschule-gerl.de\/index.php\/unsere-fahrzeuge\/","og_locale":"de_DE","og_type":"article","og_title":"Unsere Fahrzeuge -","og_description":"Unsere Fahrzeuge Mit unseren Fahrzeugen zum F\u00fchrerschein Wir bringen Dich im BMW\u00a0 X1 erfolgreich zu Deinem F\u00fchrerschein. Nicht nur aus der Werbung wei\u00df man, dass die Marke BMW f\u00fcr Sicherheit und Fahrspa\u00df steht \u2013 zwei Aspekte, die uns wichtig sind f\u00fcr eine professionelle Vermittlung von Fahrpraxis. Unsere Schulungsfahrzeuge sind Fahrzeuge der neuesten Generation. Wir schulen [&hellip;]","og_url":"https:\/\/fahrschule-gerl.de\/index.php\/unsere-fahrzeuge\/","article_modified_time":"2024-05-01T17:17:18+00:00","twitter_card":"summary_large_image","twitter_misc":{"Gesch\u00e4tzte Lesezeit":"1\u00a0Minute"},"schema":{"@context":"https:\/\/schema.org","@graph":[{"@type":"WebPage","@id":"https:\/\/fahrschule-gerl.de\/index.php\/unsere-fahrzeuge\/","url":"https:\/\/fahrschule-gerl.de\/index.php\/unsere-fahrzeuge\/","name":"Unsere Fahrzeuge -","isPartOf":{"@id":"https:\/\/fahrschule-gerl.de\/#website"},"datePublished":"2022-03-01T09:14:23+00:00","dateModified":"2024-05-01T17:17:18+00:00","breadcrumb":{"@id":"https:\/\/fahrschule-gerl.de\/index.php\/unsere-fahrzeuge\/#breadcrumb"},"inLanguage":"de","potentialAction":[{"@type":"ReadAction","target":["https:\/\/fahrschule-gerl.de\/index.php\/unsere-fahrzeuge\/"]}]},{"@type":"BreadcrumbList","@id":"https:\/\/fahrschule-gerl.de\/index.php\/unsere-fahrzeuge\/#breadcrumb","itemListElement":[{"@type":"ListItem","position":1,"name":"Startseite","item":"https:\/\/fahrschule-gerl.de\/"},{"@type":"ListItem","position":2,"name":"Unsere Fahrzeuge"}]},{"@type":"WebSite","@id":"https:\/\/fahrschule-gerl.de\/#website","url":"https:\/\/fahrschule-gerl.de\/","name":"","description":"","publisher":{"@id":"https:\/\/fahrschule-gerl.de\/#organization"},"potentialAction":[{"@type":"SearchAction","target":{"@type":"EntryPoint","urlTemplate":"https:\/\/fahrschule-gerl.de\/?s={search_term_string}"},"query-input":{"@type":"PropertyValueSpecification","valueRequired":true,"valueName":"search_term_string"}}],"inLanguage":"de"},{"@type":"Organization","@id":"https:\/\/fahrschule-gerl.de\/#organization","name":"Fahrschule Gerl","url":"https:\/\/fahrschule-gerl.de\/","logo":{"@type":"ImageObject","inLanguage":"de","@id":"https:\/\/fahrschule-gerl.de\/#\/schema\/logo\/image\/","url":"https:\/\/fahrschule-gerl.de\/wp-content\/uploads\/2023\/01\/cropped-cropped-Tobis-LOGO-720p-Final.png","contentUrl":"https:\/\/fahrschule-gerl.de\/wp-content\/uploads\/2023\/01\/cropped-cropped-Tobis-LOGO-720p-Final.png","width":502,"height":467,"caption":"Fahrschule Gerl"},"image":{"@id":"https:\/\/fahrschule-gerl.de\/#\/schema\/logo\/image\/"}}]}},"_links":{"self":[{"href":"https:\/\/fahrschule-gerl.de\/index.php\/wp-json\/wp\/v2\/pages\/237","targetHints":{"allow":["GET"]}}],"collection":[{"href":"https:\/\/fahrschule-gerl.de\/index.php\/wp-json\/wp\/v2\/pages"}],"about":[{"href":"https:\/\/fahrschule-gerl.de\/index.php\/wp-json\/wp\/v2\/types\/page"}],"author":[{"embeddable":true,"href":"https:\/\/fahrschule-gerl.de\/index.php\/wp-json\/wp\/v2\/users\/1"}],"replies":[{"embeddable":true,"href":"https:\/\/fahrschule-gerl.de\/index.php\/wp-json\/wp\/v2\/comments?post=237"}],"version-history":[{"count":20,"href":"https:\/\/fahrschule-gerl.de\/index.php\/wp-json\/wp\/v2\/pages\/237\/revisions"}],"predecessor-version":[{"id":1089,"href":"https:\/\/fahrschule-gerl.de\/index.php\/wp-json\/wp\/v2\/pages\/237\/revisions\/1089"}],"wp:attachment":[{"href":"https:\/\/fahrschule-gerl.de\/index.php\/wp-json\/wp\/v2\/media?parent=237"}],"curies":[{"name":"wp","href":"https:\/\/api.w.org\/{rel}","templated":true}]}}